{"id":1137,"date":"2017-09-14T10:43:12","date_gmt":"2017-09-14T10:43:12","guid":{"rendered":"https:\/\/titancambalkon.com\/about-us\/"},"modified":"2021-09-23T13:00:46","modified_gmt":"2021-09-23T13:00:46","slug":"hakkimizda","status":"publish","type":"page","link":"https:\/\/titancambalkon.com\/?page_id=1137","title":{"rendered":"Hakk\u0131m\u0131zda"},"content":{"rendered":"\t\t<div data-elementor-type=\"wp-post\" data-elementor-id=\"1137\" class=\"elementor elementor-1137\" data-elementor-settings=\"[]\">\n\t\t\t\t\t\t<div class=\"elementor-inner\">\n\t\t\t\t\t\t\t<div class=\"elementor-section-wrap\">\n\t\t\t\t\t\t\t<section class=\"elementor-section elementor-top-section elementor-element elementor-element-c50838b elementor-section-boxed elementor-section-height-default elementor-section-height-default\" data-id=\"c50838b\" data-element_type=\"section\" data-settings=\"{&quot;background_background&quot;:&quot;classic&quot;}\">\n\t\t\t\t\t\t\t<div class=\"elementor-background-overlay\"><\/div>\n\t\t\t\t\t\t\t<div class=\"elementor-container elementor-column-gap-default\">\n\t\t\t\t\t\t\t<div class=\"elementor-row\">\n\t\t\t\t\t<div class=\"elementor-column elementor-col-33 elementor-top-column elementor-element elementor-element-2f84d6d\" data-id=\"2f84d6d\" data-element_type=\"column\">\n\t\t\t<div class=\"elementor-column-wrap\">\n\t\t\t\t\t\t\t<div class=\"elementor-widget-wrap\">\n\t\t\t\t\t\t\t\t<\/div>\n\t\t\t\t\t<\/div>\n\t\t<\/div>\n\t\t\t\t<div class=\"elementor-column elementor-col-33 elementor-top-column elementor-element elementor-element-55b0429\" data-id=\"55b0429\" data-element_type=\"column\">\n\t\t\t<div class=\"elementor-column-wrap elementor-element-populated\">\n\t\t\t\t\t\t\t<div class=\"elementor-widget-wrap\">\n\t\t\t\t\t\t<div class=\"elementor-element elementor-element-3428592 elementor-widget elementor-widget-heading\" data-id=\"3428592\" data-element_type=\"widget\" data-widget_type=\"heading.default\">\n\t\t\t\t<div class=\"elementor-widget-container\">\n\t\t\t<h5 class=\"elementor-heading-title elementor-size-default\">\u0130STANBUL'UN CAM BALKON \u00d6NC\u00dc F\u0130RMASI<\/h5>\t\t<\/div>\n\t\t\t\t<\/div>\n\t\t\t\t<div class=\"elementor-element elementor-element-92570e2 elementor-widget-divider--view-line elementor-widget elementor-widget-divider\" data-id=\"92570e2\" data-element_type=\"widget\" data-widget_type=\"divider.default\">\n\t\t\t\t<div class=\"elementor-widget-container\">\n\t\t\t\t\t<div class=\"elementor-divider\">\n\t\t\t<span class=\"elementor-divider-separator\">\n\t\t\t\t\t\t<\/span>\n\t\t<\/div>\n\t\t\t\t<\/div>\n\t\t\t\t<\/div>\n\t\t\t\t<div class=\"elementor-element elementor-element-453e782 elementor-widget elementor-widget-heading\" data-id=\"453e782\" data-element_type=\"widget\" data-widget_type=\"heading.default\">\n\t\t\t\t<div class=\"elementor-widget-container\">\n\t\t\t<h1 class=\"elementor-heading-title elementor-size-default\">HAKKIMIZDA<\/h1>\t\t<\/div>\n\t\t\t\t<\/div>\n\t\t\t\t\t\t<\/div>\n\t\t\t\t\t<\/div>\n\t\t<\/div>\n\t\t\t\t<div class=\"elementor-column elementor-col-33 elementor-top-column elementor-element elementor-element-79b148e\" data-id=\"79b148e\" data-element_type=\"column\">\n\t\t\t<div class=\"elementor-column-wrap\">\n\t\t\t\t\t\t\t<div class=\"elementor-widget-wrap\">\n\t\t\t\t\t\t\t\t<\/div>\n\t\t\t\t\t<\/div>\n\t\t<\/div>\n\t\t\t\t\t\t\t\t<\/div>\n\t\t\t\t\t<\/div>\n\t\t<\/section>\n\t\t\t\t<section class=\"elementor-section elementor-top-section elementor-element elementor-element-536914d elementor-section-content-middle animated-slow elementor-section-boxed elementor-section-height-default elementor-section-height-default elementor-invisible\" data-id=\"536914d\" data-element_type=\"section\" data-settings=\"{&quot;background_background&quot;:&quot;classic&quot;,&quot;animation&quot;:&quot;fadeInRight&quot;}\">\n\t\t\t\t\t\t<div class=\"elementor-container elementor-column-gap-no\">\n\t\t\t\t\t\t\t<div class=\"elementor-row\">\n\t\t\t\t\t<div class=\"elementor-column elementor-col-50 elementor-top-column elementor-element elementor-element-cd93d28\" data-id=\"cd93d28\" data-element_type=\"column\">\n\t\t\t<div class=\"elementor-column-wrap elementor-element-populated\">\n\t\t\t\t\t\t\t<div class=\"elementor-widget-wrap\">\n\t\t\t\t\t\t<div class=\"elementor-element elementor-element-e9bb90e elementor-widget elementor-widget-heading\" data-id=\"e9bb90e\" data-element_type=\"widget\" data-widget_type=\"heading.default\">\n\t\t\t\t<div class=\"elementor-widget-container\">\n\t\t\t<h2 class=\"elementor-heading-title elementor-size-large\">Hayata Verilen De\u011ferin Ad\u0131;<\/h2>\t\t<\/div>\n\t\t\t\t<\/div>\n\t\t\t\t<div class=\"elementor-element elementor-element-aa6f5b1 elementor-widget elementor-widget-text-editor\" data-id=\"aa6f5b1\" data-element_type=\"widget\" data-widget_type=\"text-editor.default\">\n\t\t\t\t<div class=\"elementor-widget-container\">\n\t\t\t\t\t\t\t\t<div class=\"elementor-text-editor elementor-clearfix\">\n\t\t\t\t\t<p>Titan Cam Balkon olarak y\u0131llar\u0131n vermi\u015f oldu\u011fu bilgi birikimi ve tecr\u00fcbe ile \u0130stanbul ve civar b\u00f6lgelerine cam balkon hizmetleri sunuyoruz.\u00a0<span lang=\"tr\">T\u00fcm yerel alanlarda profesyonel ve yetenekli uzmanlardan olu\u015fan bir ekibimizle geni\u015f bir hizmet yelpazesi sunuyoruz.<\/span><\/p><p>Profesyonel hizmet ve teknik destek sa\u011flad\u0131\u011f\u0131m\u0131z bu yolda bizleri tercih eden m\u00fc\u015fterilerimize te\u015fekk\u00fcr ederiz.<\/p><p>Cam balkon sistemleri hakk\u0131nda akl\u0131n\u0131za tak\u0131lan, \u00f6\u011frenmek istedi\u011finiz her \u015fey i\u00e7in hemen bizlere ula\u015fabilir var g\u00fcc\u00fcm\u00fczle sizlere yard\u0131mc\u0131 olaca\u011f\u0131m\u0131zdan emin olabilirsiniz.\u00a0<\/p>\t\t\t\t\t<\/div>\n\t\t\t\t\t\t<\/div>\n\t\t\t\t<\/div>\n\t\t\t\t<div class=\"elementor-element elementor-element-e3659f4 elementor-mobile-align-left elementor-widget elementor-widget-button\" data-id=\"e3659f4\" data-element_type=\"widget\" data-widget_type=\"button.default\">\n\t\t\t\t<div class=\"elementor-widget-container\">\n\t\t\t\t\t<div class=\"elementor-button-wrapper\">\n\t\t\t<a href=\"tel:+905322350071\" class=\"elementor-button-link elementor-button elementor-size-sm elementor-animation-grow\" role=\"button\">\n\t\t\t\t\t\t<span class=\"elementor-button-content-wrapper\">\n\t\t\t\t\t\t<span class=\"elementor-button-icon elementor-align-icon-left\">\n\t\t\t\t<i aria-hidden=\"true\" class=\"fas fa-phone-alt\"><\/i>\t\t\t<\/span>\n\t\t\t\t\t\t<span class=\"elementor-button-text\">+90 532 235 00 71<\/span>\n\t\t<\/span>\n\t\t\t\t\t<\/a>\n\t\t<\/div>\n\t\t\t\t<\/div>\n\t\t\t\t<\/div>\n\t\t\t\t\t\t<\/div>\n\t\t\t\t\t<\/div>\n\t\t<\/div>\n\t\t\t\t<div class=\"elementor-column elementor-col-50 elementor-top-column elementor-element elementor-element-d696d53\" data-id=\"d696d53\" data-element_type=\"column\" data-settings=\"{&quot;background_background&quot;:&quot;classic&quot;}\">\n\t\t\t<div class=\"elementor-column-wrap elementor-element-populated\">\n\t\t\t\t\t<div class=\"elementor-background-overlay\"><\/div>\n\t\t\t\t\t\t\t<div class=\"elementor-widget-wrap\">\n\t\t\t\t\t\t<div class=\"elementor-element elementor-element-23b8262 elementor-widget elementor-widget-image\" data-id=\"23b8262\" data-element_type=\"widget\" data-widget_type=\"image.default\">\n\t\t\t\t<div class=\"elementor-widget-container\">\n\t\t\t\t\t\t\t\t<div class=\"elementor-image\">\n\t\t\t\t\t\t\t\t\t\t\t\t<img loading=\"lazy\" decoding=\"async\" width=\"1350\" height=\"1080\" src=\"https:\/\/titancambalkon.com\/wp-content\/uploads\/2020\/12\/Cam-Balkon.jpg\" class=\"attachment-full size-full\" alt=\"\" srcset=\"https:\/\/titancambalkon.com\/wp-content\/uploads\/2020\/12\/Cam-Balkon.jpg 1350w, https:\/\/titancambalkon.com\/wp-content\/uploads\/2020\/12\/Cam-Balkon-300x240.jpg 300w, https:\/\/titancambalkon.com\/wp-content\/uploads\/2020\/12\/Cam-Balkon-1024x819.jpg 1024w, https:\/\/titancambalkon.com\/wp-content\/uploads\/2020\/12\/Cam-Balkon-768x614.jpg 768w\" sizes=\"auto, (max-width: 1350px) 100vw, 1350px\" \/>\t\t\t\t\t\t\t\t\t\t\t\t\t\t<\/div>\n\t\t\t\t\t\t<\/div>\n\t\t\t\t<\/div>\n\t\t\t\t\t\t<\/div>\n\t\t\t\t\t<\/div>\n\t\t<\/div>\n\t\t\t\t\t\t\t\t<\/div>\n\t\t\t\t\t<\/div>\n\t\t<\/section>\n\t\t\t\t<section class=\"elementor-section elementor-top-section elementor-element elementor-element-ae27c8f elementor-section-height-min-height elementor-section-boxed elementor-section-height-default elementor-section-items-middle\" data-id=\"ae27c8f\" data-element_type=\"section\" data-settings=\"{&quot;background_background&quot;:&quot;classic&quot;}\">\n\t\t\t\t\t\t\t<div class=\"elementor-background-overlay\"><\/div>\n\t\t\t\t\t\t\t<div class=\"elementor-container elementor-column-gap-no\">\n\t\t\t\t\t\t\t<div class=\"elementor-row\">\n\t\t\t\t\t<div class=\"elementor-column elementor-col-100 elementor-top-column elementor-element elementor-element-257b8870\" data-id=\"257b8870\" data-element_type=\"column\">\n\t\t\t<div class=\"elementor-column-wrap elementor-element-populated\">\n\t\t\t\t\t\t\t<div class=\"elementor-widget-wrap\">\n\t\t\t\t\t\t<div class=\"elementor-element elementor-element-25ce7554 elementor-widget elementor-widget-heading\" data-id=\"25ce7554\" data-element_type=\"widget\" data-widget_type=\"heading.default\">\n\t\t\t\t<div class=\"elementor-widget-container\">\n\t\t\t<h2 class=\"elementor-heading-title elementor-size-default\">Ya\u015fam alanlar\u0131n\u0131z\u0131 Geni\u015fletiyoruz<\/h2>\t\t<\/div>\n\t\t\t\t<\/div>\n\t\t\t\t<div class=\"elementor-element elementor-element-2816964 elementor-widget elementor-widget-text-editor\" data-id=\"2816964\" data-element_type=\"widget\" data-widget_type=\"text-editor.default\">\n\t\t\t\t<div class=\"elementor-widget-container\">\n\t\t\t\t\t\t\t\t<div class=\"elementor-text-editor elementor-clearfix\">\n\t\t\t\t\t<p>Sorunsuz \u00e7al\u0131\u015fan Katlan\u0131r Cam Sistemlerimizle her mevsim balkonlar\u0131n\u0131z\u0131n keyfini \u00e7\u0131kar\u0131n.\u00a0<\/p>\t\t\t\t\t<\/div>\n\t\t\t\t\t\t<\/div>\n\t\t\t\t<\/div>\n\t\t\t\t<div class=\"elementor-element elementor-element-b040ecb elementor-align-center elementor-widget elementor-widget-button\" data-id=\"b040ecb\" data-element_type=\"widget\" data-widget_type=\"button.default\">\n\t\t\t\t<div class=\"elementor-widget-container\">\n\t\t\t\t\t<div class=\"elementor-button-wrapper\">\n\t\t\t<a href=\"tel:+905322350071\" class=\"elementor-button-link elementor-button elementor-size-sm elementor-animation-grow\" role=\"button\">\n\t\t\t\t\t\t<span class=\"elementor-button-content-wrapper\">\n\t\t\t\t\t\t<span class=\"elementor-button-icon elementor-align-icon-left\">\n\t\t\t\t<i aria-hidden=\"true\" class=\"fas fa-phone-alt\"><\/i>\t\t\t<\/span>\n\t\t\t\t\t\t<span class=\"elementor-button-text\">+90 532 235 00 71<\/span>\n\t\t<\/span>\n\t\t\t\t\t<\/a>\n\t\t<\/div>\n\t\t\t\t<\/div>\n\t\t\t\t<\/div>\n\t\t\t\t\t\t<\/div>\n\t\t\t\t\t<\/div>\n\t\t<\/div>\n\t\t\t\t\t\t\t\t<\/div>\n\t\t\t\t\t<\/div>\n\t\t<\/section>\n\t\t\t\t<section class=\"elementor-section elementor-top-section elementor-element elementor-element-6231f42 elementor-section-content-middle elementor-section-boxed elementor-section-height-default elementor-section-height-default\" data-id=\"6231f42\" data-element_type=\"section\" data-settings=\"{&quot;background_background&quot;:&quot;classic&quot;}\">\n\t\t\t\t\t\t<div class=\"elementor-container elementor-column-gap-default\">\n\t\t\t\t\t\t\t<div class=\"elementor-row\">\n\t\t\t\t\t<div class=\"elementor-column elementor-col-33 elementor-top-column elementor-element elementor-element-2e7cf2b\" data-id=\"2e7cf2b\" data-element_type=\"column\">\n\t\t\t<div class=\"elementor-column-wrap elementor-element-populated\">\n\t\t\t\t\t\t\t<div class=\"elementor-widget-wrap\">\n\t\t\t\t\t\t<div class=\"elementor-element elementor-element-1f80745 elementor-position-left elementor-vertical-align-top elementor-widget elementor-widget-image-box\" data-id=\"1f80745\" data-element_type=\"widget\" data-widget_type=\"image-box.default\">\n\t\t\t\t<div class=\"elementor-widget-container\">\n\t\t\t<div class=\"elementor-image-box-wrapper\"><div class=\"elementor-image-box-content\"><h2 class=\"elementor-image-box-title\">Neden Bizi Tercih Etmelisiniz?<\/h2><p class=\"elementor-image-box-description\">Bizi tercih etmek i\u00e7in \u00e7ok fazla sebebiniz var i\u015fte ondan baz\u0131lar\u0131;<\/p><\/div><\/div>\t\t<\/div>\n\t\t\t\t<\/div>\n\t\t\t\t\t\t<\/div>\n\t\t\t\t\t<\/div>\n\t\t<\/div>\n\t\t\t\t<div class=\"elementor-column elementor-col-33 elementor-top-column elementor-element elementor-element-c7d9c6d\" data-id=\"c7d9c6d\" data-element_type=\"column\">\n\t\t\t<div class=\"elementor-column-wrap elementor-element-populated\">\n\t\t\t\t\t\t\t<div class=\"elementor-widget-wrap\">\n\t\t\t\t\t\t<div class=\"elementor-element elementor-element-7e85383 elementor-view-framed elementor-position-left elementor-vertical-align-middle elementor-shape-circle elementor-widget elementor-widget-icon-box\" data-id=\"7e85383\" data-element_type=\"widget\" data-widget_type=\"icon-box.default\">\n\t\t\t\t<div class=\"elementor-widget-container\">\n\t\t\t\t\t<div class=\"elementor-icon-box-wrapper\">\n\t\t\t\t\t\t<div class=\"elementor-icon-box-icon\">\n\t\t\t\t<span class=\"elementor-icon elementor-animation-\" >\n\t\t\t\t<i aria-hidden=\"true\" class=\"fas fa-money-check\"><\/i>\t\t\t\t<\/span>\n\t\t\t<\/div>\n\t\t\t\t\t\t<div class=\"elementor-icon-box-content\">\n\t\t\t\t<h5 class=\"elementor-icon-box-title\">\n\t\t\t\t\t<span >Uygun Fiyatlar<\/span>\n\t\t\t\t<\/h5>\n\t\t\t\t\t\t\t\t<p class=\"elementor-icon-box-description\">\u00dcr\u00fcnlerimiz en uygun fiyatlar ve ihtiyac\u0131n\u0131z olan gerekli \u00fccret politikalar\u0131yla sizlere sunulmaktad\u0131r.\n<\/p>\n\t\t\t\t\t\t\t<\/div>\n\t\t<\/div>\n\t\t\t\t<\/div>\n\t\t\t\t<\/div>\n\t\t\t\t<div class=\"elementor-element elementor-element-73d86ab elementor-view-framed elementor-position-left elementor-vertical-align-middle elementor-shape-circle elementor-widget elementor-widget-icon-box\" data-id=\"73d86ab\" data-element_type=\"widget\" data-widget_type=\"icon-box.default\">\n\t\t\t\t<div class=\"elementor-widget-container\">\n\t\t\t\t\t<div class=\"elementor-icon-box-wrapper\">\n\t\t\t\t\t\t<div class=\"elementor-icon-box-icon\">\n\t\t\t\t<span class=\"elementor-icon elementor-animation-\" >\n\t\t\t\t<i aria-hidden=\"true\" class=\"fas fa-users\"><\/i>\t\t\t\t<\/span>\n\t\t\t<\/div>\n\t\t\t\t\t\t<div class=\"elementor-icon-box-content\">\n\t\t\t\t<h5 class=\"elementor-icon-box-title\">\n\t\t\t\t\t<span >M\u00fc\u015fteri Memnuniyeti<\/span>\n\t\t\t\t<\/h5>\n\t\t\t\t\t\t\t\t<p class=\"elementor-icon-box-description\">Birinci kalite malzeme ve i\u015f\u00e7ilik sa\u011fl\u0131yoruz.\nT\u00fcm \u00fcr\u00fcnlerimiz garanti kapsam\u0131ndad\u0131r. <\/p>\n\t\t\t\t\t\t\t<\/div>\n\t\t<\/div>\n\t\t\t\t<\/div>\n\t\t\t\t<\/div>\n\t\t\t\t\t\t<\/div>\n\t\t\t\t\t<\/div>\n\t\t<\/div>\n\t\t\t\t<div class=\"elementor-column elementor-col-33 elementor-top-column elementor-element elementor-element-1bab388\" data-id=\"1bab388\" data-element_type=\"column\">\n\t\t\t<div class=\"elementor-column-wrap elementor-element-populated\">\n\t\t\t\t\t\t\t<div class=\"elementor-widget-wrap\">\n\t\t\t\t\t\t<div class=\"elementor-element elementor-element-a99208a elementor-view-framed elementor-position-left elementor-vertical-align-middle elementor-shape-circle elementor-widget elementor-widget-icon-box\" data-id=\"a99208a\" data-element_type=\"widget\" data-widget_type=\"icon-box.default\">\n\t\t\t\t<div class=\"elementor-widget-container\">\n\t\t\t\t\t<div class=\"elementor-icon-box-wrapper\">\n\t\t\t\t\t\t<div class=\"elementor-icon-box-icon\">\n\t\t\t\t<span class=\"elementor-icon elementor-animation-\" >\n\t\t\t\t<i aria-hidden=\"true\" class=\"fas fa-tools\"><\/i>\t\t\t\t<\/span>\n\t\t\t<\/div>\n\t\t\t\t\t\t<div class=\"elementor-icon-box-content\">\n\t\t\t\t<h5 class=\"elementor-icon-box-title\">\n\t\t\t\t\t<span >\u00dccretsiz Montaj & Teknik Destek<\/span>\n\t\t\t\t<\/h5>\n\t\t\t\t\t\t\t\t<p class=\"elementor-icon-box-description\">Profesyonel ekibimizle \u00fccretsiz montaj ve teknik destek imkan\u0131 sa\u011fl\u0131yoruz.<\/p>\n\t\t\t\t\t\t\t<\/div>\n\t\t<\/div>\n\t\t\t\t<\/div>\n\t\t\t\t<\/div>\n\t\t\t\t<div class=\"elementor-element elementor-element-9257e7b elementor-view-framed elementor-position-left elementor-vertical-align-middle elementor-shape-circle elementor-widget elementor-widget-icon-box\" data-id=\"9257e7b\" data-element_type=\"widget\" data-widget_type=\"icon-box.default\">\n\t\t\t\t<div class=\"elementor-widget-container\">\n\t\t\t\t\t<div class=\"elementor-icon-box-wrapper\">\n\t\t\t\t\t\t<div class=\"elementor-icon-box-icon\">\n\t\t\t\t<span class=\"elementor-icon elementor-animation-\" >\n\t\t\t\t<i aria-hidden=\"true\" class=\"fas fa-medal\"><\/i>\t\t\t\t<\/span>\n\t\t\t<\/div>\n\t\t\t\t\t\t<div class=\"elementor-icon-box-content\">\n\t\t\t\t<h5 class=\"elementor-icon-box-title\">\n\t\t\t\t\t<span >Geli\u015fmi\u015f Garanti<\/span>\n\t\t\t\t<\/h5>\n\t\t\t\t\t\t\t\t<p class=\"elementor-icon-box-description\">Profesyonel ekibimizle \u00fccretsiz montaj ve teknik destek imkan\u0131 sa\u011fl\u0131yoruz.<\/p>\n\t\t\t\t\t\t\t<\/div>\n\t\t<\/div>\n\t\t\t\t<\/div>\n\t\t\t\t<\/div>\n\t\t\t\t\t\t<\/div>\n\t\t\t\t\t<\/div>\n\t\t<\/div>\n\t\t\t\t\t\t\t\t<\/div>\n\t\t\t\t\t<\/div>\n\t\t<\/section>\n\t\t\t\t<section class=\"elementor-section elementor-top-section elementor-element elementor-element-34908c53 animated-slow elementor-section-boxed elementor-section-height-default elementor-section-height-default elementor-invisible\" data-id=\"34908c53\" data-element_type=\"section\" data-settings=\"{&quot;background_background&quot;:&quot;classic&quot;,&quot;animation&quot;:&quot;fadeInUp&quot;}\">\n\t\t\t\t\t\t<div class=\"elementor-container elementor-column-gap-no\">\n\t\t\t\t\t\t\t<div class=\"elementor-row\">\n\t\t\t\t\t<div class=\"elementor-column elementor-col-100 elementor-top-column elementor-element elementor-element-40113915\" data-id=\"40113915\" data-element_type=\"column\">\n\t\t\t<div class=\"elementor-column-wrap elementor-element-populated\">\n\t\t\t\t\t\t\t<div class=\"elementor-widget-wrap\">\n\t\t\t\t\t\t<div class=\"elementor-element elementor-element-78e414aa elementor-widget elementor-widget-heading\" data-id=\"78e414aa\" data-element_type=\"widget\" data-widget_type=\"heading.default\">\n\t\t\t\t<div class=\"elementor-widget-container\">\n\t\t\t<h2 class=\"elementor-heading-title elementor-size-default\">\u00dccretsiz \u0130leti\u015fim Formu<\/h2>\t\t<\/div>\n\t\t\t\t<\/div>\n\t\t\t\t<div class=\"elementor-element elementor-element-2b680919 elementor-widget-divider--view-line elementor-widget elementor-widget-divider\" data-id=\"2b680919\" data-element_type=\"widget\" data-widget_type=\"divider.default\">\n\t\t\t\t<div class=\"elementor-widget-container\">\n\t\t\t\t\t<div class=\"elementor-divider\">\n\t\t\t<span class=\"elementor-divider-separator\">\n\t\t\t\t\t\t<\/span>\n\t\t<\/div>\n\t\t\t\t<\/div>\n\t\t\t\t<\/div>\n\t\t\t\t<div class=\"elementor-element elementor-element-3336b6e7 uael-wpf-style-box uael-wpf-input-size-sm uael-wpf-button-left uael-wpf-btn-size-sm uael-wpf-highlight-style-default elementor-widget elementor-widget-uael-wpf-styler\" data-id=\"3336b6e7\" data-element_type=\"widget\" data-widget_type=\"uael-wpf-styler.default\">\n\t\t\t\t<div class=\"elementor-widget-container\">\n\t\t\t\t\t\t\t<div class = \"uael-wpf-container\">\n\t\t\t\t\t\t<div class = \"uael-wpf uael-wpf-style elementor-clickable\">\n\t\t\t\t\t\t<div class=\"wpforms-container \" id=\"wpforms-1142\"><form id=\"wpforms-form-1142\" class=\"wpforms-validate wpforms-form\" data-formid=\"1142\" method=\"post\" enctype=\"multipart\/form-data\" action=\"\/index.php?rest_route=%2Fwp%2Fv2%2Fpages%2F1137\" data-token=\"603b39da714319592c730841fe4b08e7\"><noscript class=\"wpforms-error-noscript\">Please enable JavaScript in your browser to complete this form.<\/noscript><div class=\"wpforms-field-container\"><div id=\"wpforms-1142-field_0-container\" class=\"wpforms-field wpforms-field-name\" data-field-id=\"0\"><label class=\"wpforms-field-label\" for=\"wpforms-1142-field_0\">Ad-Soyad<\/label><input type=\"text\" id=\"wpforms-1142-field_0\" class=\"wpforms-field-large\" name=\"wpforms[fields][0]\" placeholder=\"ad\u0131n\u0131z-soyad\u0131n\u0131z\" ><\/div><div id=\"wpforms-1142-field_4-container\" class=\"wpforms-field wpforms-field-number\" data-field-id=\"4\"><label class=\"wpforms-field-label\" for=\"wpforms-1142-field_4\">Telefon <span class=\"wpforms-required-label\">*<\/span><\/label><input type=\"number\" pattern=\"\\d*\" id=\"wpforms-1142-field_4\" class=\"wpforms-field-large wpforms-field-required\" name=\"wpforms[fields][4]\" required><\/div><div id=\"wpforms-1142-field_5-container\" class=\"wpforms-field wpforms-field-select wpforms-field-select-style-classic\" data-field-id=\"5\"><label class=\"wpforms-field-label\" for=\"wpforms-1142-field_5\">Hangi Hizmetle \u0130lgileniyorsunuz?<\/label><select id=\"wpforms-1142-field_5\" class=\"wpforms-field-large\" name=\"wpforms[fields][5]\"><option value=\"Cam Balkon Sistemleri\" >Cam Balkon Sistemleri<\/option><option value=\"Is\u0131cam Sistemleri\" >Is\u0131cam Sistemleri<\/option><option value=\"Katlan\u0131r Cam Balkon\" >Katlan\u0131r Cam Balkon<\/option><option value=\"S\u00fcrme Cam &amp; Kap\u0131 Sistemleri\" >S\u00fcrme Cam &amp; Kap\u0131 Sistemleri<\/option><option value=\"Giyotin Pencere Sistemler\" >Giyotin Pencere Sistemler<\/option><option value=\"Korkuluk &amp; K\u00fcpe\u015fte\" >Korkuluk &amp; K\u00fcpe\u015fte<\/option><option value=\"Otomatik Panjur Sistemleri\" >Otomatik Panjur Sistemleri<\/option><\/select><\/div><div id=\"wpforms-1142-field_2-container\" class=\"wpforms-field wpforms-field-textarea\" data-field-id=\"2\"><label class=\"wpforms-field-label\" for=\"wpforms-1142-field_2\">Mesaj<\/label><textarea id=\"wpforms-1142-field_2\" class=\"wpforms-field-medium\" name=\"wpforms[fields][2]\" placeholder=\"Varsa iletmek istedikleriniz...\" ><\/textarea><\/div><\/div><div class=\"wpforms-field wpforms-field-hp\"><label for=\"wpforms-1142-field-hp\" class=\"wpforms-field-label\">Phone<\/label><input type=\"text\" name=\"wpforms[hp]\" id=\"wpforms-1142-field-hp\" class=\"wpforms-field-medium\"><\/div><div class=\"wpforms-submit-container\" ><input type=\"hidden\" name=\"wpforms[id]\" value=\"1142\"><input type=\"hidden\" name=\"wpforms[author]\" value=\"1\"><button type=\"submit\" name=\"wpforms[submit]\" class=\"wpforms-submit \" id=\"wpforms-submit-1142\" value=\"wpforms-submit\" aria-live=\"assertive\" data-alt-text=\"G\u00f6nderiliyor...\" data-submit-text=\"G\u00f6nder\">G\u00f6nder<\/button><\/div><\/form><\/div>  <!-- .wpforms-container -->\t\t\t\t\t<\/div>\n\t\t\t\t<\/div>\n\t\t\t\t\t\t<\/div>\n\t\t\t\t<\/div>\n\t\t\t\t\t\t<\/div>\n\t\t\t\t\t<\/div>\n\t\t<\/div>\n\t\t\t\t\t\t\t\t<\/div>\n\t\t\t\t\t<\/div>\n\t\t<\/section>\n\t\t\t\t\t\t<\/div>\n\t\t\t\t\t\t<\/div>\n\t\t\t\t\t<\/div>\n\t\t","protected":false},"excerpt":{"rendered":"<p>\u0130STANBUL&#8217;UN CAM BALKON \u00d6NC\u00dc F\u0130RMASI HAKKIMIZDA Hayata Verilen De\u011ferin Ad\u0131; Titan Cam Balkon olarak y\u0131llar\u0131n vermi\u015f oldu\u011fu bilgi birikimi ve tecr\u00fcbe ile \u0130stanbul ve civar b\u00f6lgelerine cam balkon hizmetleri sunuyoruz.\u00a0T\u00fcm yerel alanlarda profesyonel ve yetenekli uzmanlardan olu\u015fan bir ekibimizle geni\u015f bir hizmet yelpazesi sunuyoruz. Profesyonel hizmet ve teknik destek sa\u011flad\u0131\u011f\u0131m\u0131z bu yolda bizleri tercih eden &hellip;<\/p>\n<p class=\"read-more\"> <a class=\"\" href=\"https:\/\/titancambalkon.com\/?page_id=1137\"> <span class=\"screen-reader-text\">Hakk\u0131m\u0131zda<\/span> Read More \u00bb<\/a><\/p>\n","protected":false},"author":1,"featured_media":0,"parent":0,"menu_order":0,"comment_status":"closed","ping_status":"closed","template":"","meta":{"footnotes":""},"class_list":["post-1137","page","type-page","status-publish","hentry"],"uagb_featured_image_src":{"full":false,"thumbnail":false,"medium":false,"medium_large":false,"large":false,"1536x1536":false,"2048x2048":false},"uagb_author_info":{"display_name":"a2a","author_link":"https:\/\/titancambalkon.com\/?author=1"},"uagb_comment_info":0,"uagb_excerpt":"\u0130STANBUL&#8217;UN CAM BALKON \u00d6NC\u00dc F\u0130RMASI HAKKIMIZDA Hayata Verilen De\u011ferin Ad\u0131; Titan Cam Balkon olarak y\u0131llar\u0131n vermi\u015f oldu\u011fu bilgi birikimi ve tecr\u00fcbe ile \u0130stanbul ve civar b\u00f6lgelerine cam balkon hizmetleri sunuyoruz.\u00a0T\u00fcm yerel alanlarda profesyonel ve yetenekli uzmanlardan olu\u015fan bir ekibimizle geni\u015f bir hizmet yelpazesi sunuyoruz. Profesyonel hizmet ve teknik destek sa\u011flad\u0131\u011f\u0131m\u0131z bu yolda bizleri tercih eden&hellip;","_links":{"self":[{"href":"https:\/\/titancambalkon.com\/index.php?rest_route=\/wp\/v2\/pages\/1137","targetHints":{"allow":["GET"]}}],"collection":[{"href":"https:\/\/titancambalkon.com\/index.php?rest_route=\/wp\/v2\/pages"}],"about":[{"href":"https:\/\/titancambalkon.com\/index.php?rest_route=\/wp\/v2\/types\/page"}],"author":[{"embeddable":true,"href":"https:\/\/titancambalkon.com\/index.php?rest_route=\/wp\/v2\/users\/1"}],"replies":[{"embeddable":true,"href":"https:\/\/titancambalkon.com\/index.php?rest_route=%2Fwp%2Fv2%2Fcomments&post=1137"}],"version-history":[{"count":12,"href":"https:\/\/titancambalkon.com\/index.php?rest_route=\/wp\/v2\/pages\/1137\/revisions"}],"predecessor-version":[{"id":4038,"href":"https:\/\/titancambalkon.com\/index.php?rest_route=\/wp\/v2\/pages\/1137\/revisions\/4038"}],"wp:attachment":[{"href":"https:\/\/titancambalkon.com\/index.php?rest_route=%2Fwp%2Fv2%2Fmedia&parent=1137"}],"curies":[{"name":"wp","href":"https:\/\/api.w.org\/{rel}","templated":true}]}}